{"id":11,"date":"2019-06-10T15:28:05","date_gmt":"2019-06-10T15:28:05","guid":{"rendered":"http:\/\/dpsg-ingelheim.de\/?page_id=11"},"modified":"2024-07-03T06:19:36","modified_gmt":"2024-07-03T06:19:36","slug":"stufen","status":"publish","type":"page","link":"https:\/\/dpsg-ingelheim.de\/?page_id=11","title":{"rendered":"Mach mit!"},"content":{"rendered":"\n<h2 id=\"wp-block-themeisle-blocks-advanced-heading-e11611fb\" class=\"wp-block-themeisle-blocks-advanced-heading wp-block-themeisle-blocks-advanced-heading-e11611fb\">Pfadfinderisches Leben in vier Altersstufen<\/h2>\n\n\n\n<p>Die Mitglieder der DPSG lernen pfadfinderisches Leben in der W\u00f6lflings-, Jungpfadfinder-, Pfadfinder-und Roverstufe kennen. Die Gruppen der jeweiligen Stufe erm\u00f6glichen altersgerecht die grundlegenden Erlebnisse und Erfahrungen des Pfadfindertums. In diesen Gruppen wird der Wunsch nach Abenteuer erf\u00fcllt, das Bed\u00fcrfnis nach verl\u00e4sslichem R\u00fcckhalt gestillt und Orientierung auf dem Lebensweg gegeben. In den Gruppen stehen sich die Mitglieder bei der ganzheitlichen Entwicklung ihrer Pers\u00f6nlichkeit zur Seite.<\/p>\n\n\n\n<div class=\"wp-block-group\"><div class=\"wp-block-group__inner-container is-layout-constrained wp-block-group-is-layout-constrained\">\n<div id=\"wp-block-themeisle-blocks-advanced-columns-d992f8ef\" class=\"wp-block-themeisle-blocks-advanced-columns has-2-columns has-desktop-equal-layout has-tablet-equal-layout has-mobile-collapsedRows-layout has-vertical-unset\"><div class=\"wp-block-themeisle-blocks-advanced-columns-overlay\"><\/div><div class=\"innerblocks-wrap\">\n<div id=\"wp-block-themeisle-blocks-advanced-column-1c0cde9b\" class=\"wp-block-themeisle-blocks-advanced-column\"><div class=\"wp-block-image\">\n<figure class=\"aligncenter size-full is-resized\"><img loading=\"lazy\" decoding=\"async\" width=\"1976\" height=\"1840\" src=\"https:\/\/dpsg-ingelheim.de\/wp-content\/uploads\/2024\/07\/woelfi_kopf_2019_frei_0.png\" alt=\"\" class=\"wp-image-267\" style=\"width:248px;height:auto\" srcset=\"https:\/\/dpsg-ingelheim.de\/wp-content\/uploads\/2024\/07\/woelfi_kopf_2019_frei_0.png 1976w, https:\/\/dpsg-ingelheim.de\/wp-content\/uploads\/2024\/07\/woelfi_kopf_2019_frei_0-300x279.png 300w, https:\/\/dpsg-ingelheim.de\/wp-content\/uploads\/2024\/07\/woelfi_kopf_2019_frei_0-1024x954.png 1024w, https:\/\/dpsg-ingelheim.de\/wp-content\/uploads\/2024\/07\/woelfi_kopf_2019_frei_0-768x715.png 768w, https:\/\/dpsg-ingelheim.de\/wp-content\/uploads\/2024\/07\/woelfi_kopf_2019_frei_0-1536x1430.png 1536w\" sizes=\"(max-width: 1976px) 100vw, 1976px\" \/><\/figure><\/div><\/div>\n\n\n\n<div id=\"wp-block-themeisle-blocks-advanced-column-bf45e78b\" class=\"wp-block-themeisle-blocks-advanced-column\"><div class=\"wp-block-image\">\n<figure class=\"aligncenter size-full is-resized\"><img loading=\"lazy\" decoding=\"async\" width=\"463\" height=\"395\" src=\"https:\/\/dpsg-ingelheim.de\/wp-content\/uploads\/2024\/07\/icon-Jungpfadfinder_Kobold_NEU.png\" alt=\"\" class=\"wp-image-268\" style=\"width:266px;height:auto\" srcset=\"https:\/\/dpsg-ingelheim.de\/wp-content\/uploads\/2024\/07\/icon-Jungpfadfinder_Kobold_NEU.png 463w, https:\/\/dpsg-ingelheim.de\/wp-content\/uploads\/2024\/07\/icon-Jungpfadfinder_Kobold_NEU-300x256.png 300w\" sizes=\"(max-width: 463px) 100vw, 463px\" \/><\/figure><\/div><\/div>\n<\/div><\/div>\n\n\n\n<div id=\"wp-block-themeisle-blocks-advanced-columns-c83a4571\" class=\"wp-block-themeisle-blocks-advanced-columns has-2-columns has-desktop-equal-layout has-tablet-equal-layout has-mobile-collapsedRows-layout has-vertical-unset\"><div class=\"wp-block-themeisle-blocks-advanced-columns-overlay\"><\/div><div class=\"innerblocks-wrap\">\n<div id=\"wp-block-themeisle-blocks-advanced-column-357cfe1f\" class=\"wp-block-themeisle-blocks-advanced-column\">\n<h1 class=\"wp-block-heading has-text-align-center\">W\u00f6lflinge<\/h1>\n\n\n\n<h2 id=\"wp-block-themeisle-blocks-advanced-heading-6d7fcb23\" class=\"wp-block-themeisle-blocks-advanced-heading wp-block-themeisle-blocks-advanced-heading-6d7fcb23\">6- 10 Jahre<\/h2>\n\n\n\n<p class=\"has-text-align-center\">Dienstags von 17:45 &#8211; 19:00 Uhr<\/p>\n<\/div>\n\n\n\n<div id=\"wp-block-themeisle-blocks-advanced-column-5e73aa88\" class=\"wp-block-themeisle-blocks-advanced-column\">\n<h1 class=\"wp-block-heading has-text-align-center\">Jungpfadfinder<\/h1>\n\n\n\n<h2 id=\"wp-block-themeisle-blocks-advanced-heading-4d95b157\" class=\"wp-block-themeisle-blocks-advanced-heading wp-block-themeisle-blocks-advanced-heading-4d95b157\">9 &#8211; 13 Jahre<\/h2>\n\n\n\n<p class=\"has-text-align-center\">Donnerstags von 17:30 &#8211; 19:00 Uhr<\/p>\n<\/div>\n<\/div><\/div>\n\n\n\n<div id=\"wp-block-themeisle-blocks-advanced-columns-8047704d\" class=\"wp-block-themeisle-blocks-advanced-columns has-2-columns has-desktop-equal-layout has-tablet-equal-layout has-mobile-collapsedRows-layout has-vertical-unset\"><div class=\"wp-block-themeisle-blocks-advanced-columns-overlay\"><\/div><div class=\"innerblocks-wrap\">\n<div id=\"wp-block-themeisle-blocks-advanced-column-76101db9\" class=\"wp-block-themeisle-blocks-advanced-column\"><div class=\"wp-block-image\">\n<figure class=\"aligncenter size-large is-resized\"><img loading=\"lazy\" decoding=\"async\" width=\"921\" height=\"1024\" src=\"https:\/\/dpsg-ingelheim.de\/wp-content\/uploads\/2024\/07\/pfadfinderstufe-921x1024.png\" alt=\"\" class=\"wp-image-234\" style=\"width:208px;height:auto\" srcset=\"https:\/\/dpsg-ingelheim.de\/wp-content\/uploads\/2024\/07\/pfadfinderstufe-921x1024.png 921w, https:\/\/dpsg-ingelheim.de\/wp-content\/uploads\/2024\/07\/pfadfinderstufe-270x300.png 270w, https:\/\/dpsg-ingelheim.de\/wp-content\/uploads\/2024\/07\/pfadfinderstufe-768x854.png 768w, https:\/\/dpsg-ingelheim.de\/wp-content\/uploads\/2024\/07\/pfadfinderstufe.png 1156w\" sizes=\"(max-width: 921px) 100vw, 921px\" \/><\/figure><\/div><\/div>\n\n\n\n<div id=\"wp-block-themeisle-blocks-advanced-column-e8840657\" class=\"wp-block-themeisle-blocks-advanced-column\"><div class=\"wp-block-image\">\n<figure class=\"aligncenter size-full is-resized\"><img loading=\"lazy\" decoding=\"async\" width=\"1176\" height=\"247\" src=\"http:\/\/dpsg-ingelheim.de\/wp-content\/uploads\/2024\/07\/rover.png\" alt=\"\" class=\"wp-image-235\" style=\"width:314px;height:auto\" srcset=\"https:\/\/dpsg-ingelheim.de\/wp-content\/uploads\/2024\/07\/rover.png 1176w, https:\/\/dpsg-ingelheim.de\/wp-content\/uploads\/2024\/07\/rover-300x63.png 300w, https:\/\/dpsg-ingelheim.de\/wp-content\/uploads\/2024\/07\/rover-1024x215.png 1024w, https:\/\/dpsg-ingelheim.de\/wp-content\/uploads\/2024\/07\/rover-768x161.png 768w\" sizes=\"(max-width: 1176px) 100vw, 1176px\" \/><\/figure><\/div><\/div>\n<\/div><\/div>\n\n\n\n<div id=\"wp-block-themeisle-blocks-advanced-columns-8886c1a1\" class=\"wp-block-themeisle-blocks-advanced-columns has-2-columns has-desktop-equal-layout has-tablet-equal-layout has-mobile-collapsedRows-layout has-vertical-unset\"><div class=\"wp-block-themeisle-blocks-advanced-columns-overlay\"><\/div><div class=\"innerblocks-wrap\">\n<div id=\"wp-block-themeisle-blocks-advanced-column-1ebe46f0\" class=\"wp-block-themeisle-blocks-advanced-column\">\n<h1 class=\"wp-block-heading has-text-align-center\">Pfadfinder<\/h1>\n\n\n\n<h2 id=\"wp-block-themeisle-blocks-advanced-heading-021f9be6\" class=\"wp-block-themeisle-blocks-advanced-heading wp-block-themeisle-blocks-advanced-heading-021f9be6\">12 &#8211; 16 Jahre<\/h2>\n\n\n\n<p class=\"has-text-align-center\">Mittwochs von 18:00 &#8211; 19:30 Uhr<\/p>\n<\/div>\n\n\n\n<div id=\"wp-block-themeisle-blocks-advanced-column-1c0fa2e4\" class=\"wp-block-themeisle-blocks-advanced-column\">\n<h1 class=\"wp-block-heading has-text-align-center\">Rover<\/h1>\n\n\n\n<h2 id=\"wp-block-themeisle-blocks-advanced-heading-5d7f9297\" class=\"wp-block-themeisle-blocks-advanced-heading wp-block-themeisle-blocks-advanced-heading-5d7f9297\">15 &#8211; 20 Jahre<\/h2>\n\n\n\n<p class=\"has-text-align-center\">i.d.R. Samstags um 18 Uhr<\/p>\n<\/div>\n<\/div><\/div>\n<\/div><\/div>\n\n\n\n<div id=\"wp-block-themeisle-blocks-advanced-columns-cd4843b9\" class=\"wp-block-themeisle-blocks-advanced-columns has-1-columns has-desktop-equal-layout has-tablet-equal-layout has-mobile-equal-layout has-vertical-unset has-dark-bg\"><div class=\"wp-block-themeisle-blocks-advanced-columns-overlay\"><\/div><div class=\"innerblocks-wrap\">\n<div id=\"wp-block-themeisle-blocks-advanced-column-641f7c51\" class=\"wp-block-themeisle-blocks-advanced-column\">\n<h2 id=\"wp-block-themeisle-blocks-advanced-heading-1bb22bfd\" class=\"wp-block-themeisle-blocks-advanced-heading wp-block-themeisle-blocks-advanced-heading-1bb22bfd\">Du willst dir das mal anschauen?<\/h2>\n\n\n\n<p class=\"has-text-align-center\" style=\"padding-top:2rem;padding-bottom:2rem\">Nimm einfach Kontakt mit uns auf und komm zum schnuppern zu unseren Gruppenstunden oder Treffen. Wir freuen uns auf dich!<\/p>\n\n\n\n<div id=\"wp-block-themeisle-blocks-button-group-c077ba8b\" class=\"wp-block-themeisle-blocks-button-group wp-block-buttons align-center-desktop\">\n<div id=\"wp-block-themeisle-blocks-button-86843843\" class=\"wp-block-themeisle-blocks-button wp-block-button\"><a href=\"https:\/\/dpsg-ingelheim.de\/?page_id=62\" target=\"_self\" rel=\"noopener noreferrer\" class=\"wp-block-button__link\"><span>Kontakt<\/span><\/a><\/div>\n<\/div>\n\n\n\n<div style=\"height:30px\" aria-hidden=\"true\" class=\"wp-block-spacer\"><\/div>\n<\/div>\n<\/div><\/div>\n\n\n\n<div id=\"wp-block-themeisle-blocks-advanced-columns-0125ef92\" class=\"wp-block-themeisle-blocks-advanced-columns has-2-columns has-desktop-oneTwo-layout has-tablet-equal-layout has-mobile-collapsedRows-layout has-vertical-unset\"><div class=\"wp-block-themeisle-blocks-advanced-columns-overlay\"><\/div><div class=\"innerblocks-wrap\">\n<div id=\"wp-block-themeisle-blocks-advanced-column-c79c55d9\" class=\"wp-block-themeisle-blocks-advanced-column\">\n<h2 id=\"wp-block-themeisle-blocks-advanced-heading-ea0e4ab1\" class=\"wp-block-themeisle-blocks-advanced-heading wp-block-themeisle-blocks-advanced-heading-ea0e4ab1\">Treffpunkt<\/h2>\n\n\n\n<p>Unser Truppheim befindet sich im Ortsteil Frei-Weinheim. Dort treffen wir uns zu den Gruppenstunden und anderen Aktionen.<\/p>\n\n\n\n<p>Rheinstra\u00dfe 236<br>55218 Ingelheim<\/p>\n<\/div>\n\n\n\n<div id=\"wp-block-themeisle-blocks-advanced-column-551e25e9\" class=\"wp-block-themeisle-blocks-advanced-column\"><div style=\"height:400pxpx;\" class=\"wp-block-themeisle-blocks-leaflet-map\" id=\"wp-block-themeisle-blocks-leaflet-map-6a2874aa\"><\/div>\n<script type=\"text\/javascript\">\n\t\/* <![CDATA[ *\/\n\t\tif ( ! window.themeisleLeafletMaps ) window.themeisleLeafletMaps =[];\n\t\twindow.themeisleLeafletMaps.push( { container: \"wp-block-themeisle-blocks-leaflet-map-6a2874aa\", attributes: {\"id\":\"wp-block-themeisle-blocks-leaflet-map-6a2874aa\",\"latitude\":\"49.991780751416\",\"longitude\":\"8.023452551589006\",\"bbox\":\"8.019268512725832,49.990401223265934,8.027637004852297,49.993160239994296\",\"zoom\":17,\"location\":\"La Sagrada Familia, Barcelona, Spain\",\"height\":\"400px\",\"markers\":[],\"zoomControl\":true,\"draggable\":true,\"hasCustomCSS\":false,\"customCSS\":\"\",\"otterConditions\":[]} } );\n\t\/* ]]> *\/\n<\/script>\n<\/div>\n<\/div><\/div>\n","protected":false},"excerpt":{"rendered":"<p>Die Mitglieder der DPSG lernen pfadfinderisches Leben in der W\u00f6lflings-, Jungpfadfinder-, Pfadfinder-und Roverstufe kennen. Die Gruppen der jeweiligen Stufe erm\u00f6glichen altersgerecht die grundlegenden Erlebnisse und Erfahrungen des Pfadfindertums. In diesen Gruppen wird der Wunsch nach Abenteuer erf\u00fcllt, das Bed\u00fcrfnis nach verl\u00e4sslichem R\u00fcckhalt gestillt und Orientierung auf dem Lebensweg gegeben. In den Gruppen stehen sich die&hellip;&nbsp;<a href=\"https:\/\/dpsg-ingelheim.de\/?page_id=11\" class=\"\" rel=\"bookmark\">Weiterlesen &raquo;<span class=\"screen-reader-text\">Mach mit!<\/span><\/a><\/p>\n","protected":false},"author":1,"featured_media":279,"parent":0,"menu_order":0,"comment_status":"closed","ping_status":"closed","template":"","meta":{"neve_meta_sidebar":"","neve_meta_container":"","neve_meta_enable_content_width":"","neve_meta_content_width":0,"neve_meta_title_alignment":"","neve_meta_author_avatar":"","neve_post_elements_order":"","neve_meta_disable_header":"","neve_meta_disable_footer":"","neve_meta_disable_title":"","neve_meta_reading_time":"","_themeisle_gutenberg_block_has_review":false,"footnotes":""},"_links":{"self":[{"href":"https:\/\/dpsg-ingelheim.de\/index.php?rest_route=\/wp\/v2\/pages\/11"}],"collection":[{"href":"https:\/\/dpsg-ingelheim.de\/index.php?rest_route=\/wp\/v2\/pages"}],"about":[{"href":"https:\/\/dpsg-ingelheim.de\/index.php?rest_route=\/wp\/v2\/types\/page"}],"author":[{"embeddable":true,"href":"https:\/\/dpsg-ingelheim.de\/index.php?rest_route=\/wp\/v2\/users\/1"}],"replies":[{"embeddable":true,"href":"https:\/\/dpsg-ingelheim.de\/index.php?rest_route=%2Fwp%2Fv2%2Fcomments&post=11"}],"version-history":[{"count":17,"href":"https:\/\/dpsg-ingelheim.de\/index.php?rest_route=\/wp\/v2\/pages\/11\/revisions"}],"predecessor-version":[{"id":302,"href":"https:\/\/dpsg-ingelheim.de\/index.php?rest_route=\/wp\/v2\/pages\/11\/revisions\/302"}],"wp:featuredmedia":[{"embeddable":true,"href":"https:\/\/dpsg-ingelheim.de\/index.php?rest_route=\/wp\/v2\/media\/279"}],"wp:attachment":[{"href":"https:\/\/dpsg-ingelheim.de\/index.php?rest_route=%2Fwp%2Fv2%2Fmedia&parent=11"}],"curies":[{"name":"wp","href":"https:\/\/api.w.org\/{rel}","templated":true}]}}